{"id":3392,"date":"2016-12-20T10:32:09","date_gmt":"2016-12-20T09:32:09","guid":{"rendered":"http:\/\/www.eden-sulden.com\/?page_id=3392\/"},"modified":"2020-12-21T19:35:47","modified_gmt":"2020-12-21T18:35:47","slug":"legale","status":"publish","type":"page","link":"https:\/\/eden-sulden.com\/it\/legale\/","title":{"rendered":"Legale"},"content":{"rendered":"<p><strong>Inhaber der Webseite und verantwortlich f\u00fcr den Inhalt:<\/strong><\/p>\n<p>HOTEL EDEN ***<br \/>\nOHG der GALLIA GERDA &amp; Co.<br \/>\nROSIMSTRASSE 12<br \/>\n39029 SULDEN<\/p>\n<p>T +39 0473 613095<br \/>\nF +39 0473 613200<br \/>\nE-mail: info@eden-sulden.com<br \/>\nInternet: www.eden-sulden.com<\/p>\n<p>UID-Nr: IT03099770210 I St.Nr: 03099770210<br \/>\nCodice destinatario: T9K4ZHO &#8211; PEC: hoteleden.ohg@pec.it<br \/>\nIBAN: IT63A0818358940000304000285<\/p>\n<p>Programmierung und Layout:<\/p>\n<p>ENGELTECH GmbH<br \/>\nwww.engel-tech.com<\/p>\n<p>Bildenachweis:<\/p>\n<p>Immagini:<br \/>\n\u00a9 Gallia Martin<br \/>\n\u00a9 Ferienregion Ortlergebiet<br \/>\n\u00a9 IDM S\u00fcdtirol \u2013 Frieder Blickle &amp; PhotoGr\u00fcnerThomas<br \/>\n\u00a9 Ortler Skiarena \u2013 Alex Filz<br \/>\n\u00a9 Ludwig Mallaun<\/p>\n<p><strong>Haftungshinweis<\/strong><\/p>\n<p>Trotz sorgf\u00e4ltiger inhaltlicher Kontrolle \u00fcbernehmen wir keine Haftung f\u00fcr die Inhalte externer Links. F\u00fcr den Inhalt der verlinkten Seiten sind ausschlie\u00dflich deren Betreiber verantwortlich.<\/p>\n<p><strong>Datenschutz<\/strong><\/p>\n<p>Ihre Daten, die in unserem Archiv vorliegen, sind uns von Ihnen im Rahmen von Gesch\u00e4ftlichen Kontakten oder fr\u00fcheren Mitteilungen anvertraut, bzw. aus \u00f6ffentlichen Adresslisten entnommen worden. Wenn Sie w\u00fcnschen die sich in unserem Besitz befindlichen Daten zu kontrollieren, l\u00f6schen oder ver\u00e4ndern, wie vom ges. Dekret 196\/03 vorgesehen, k\u00f6nnen Sie uns kontaktieren<\/p>\n<p><strong>Disclaimer<\/strong><\/p>\n<p>Ihre Daten, die in unserem Archiv vorliegen, sind uns von Ihnen im Rahmen von Gesch\u00e4ftlichen Kontakten oder fr\u00fcheren Mitteilungen anvertraut, bzw. aus \u00f6ffentlichen Adresslisten entnommen worden. Wenn Sie w\u00fcnschen die sich in unserem Besitz befindlichen Daten zu kontrollieren, l\u00f6schen oder ver\u00e4ndern, wie vom ges. Dekret 196\/03 vorgesehen, k\u00f6nnen Sie uns kontaktieren<\/p>\n<p><strong>Cookies und andere Technologien<\/strong><\/p>\n<p>Diese Webseite verwendet so genannte &#8220;Cookies&#8221; und andere Technologien, um einen besseren Einblick dar\u00fcber zu erhalten, welche Bereiche unserer Web-Sites besonders beliebt sind, wie sich unsere Besucher auf der Web-Site bewegen und wie viel Zeit sie in den verschiedenen Bereichen verbringen. Dar\u00fcber hinaus verwendet diese Webseite Cookies und andere Technologien, um sicherzustellen, dass unsere Online-Werbung effektiv ist und Kunden auch tats\u00e4chlich auf unsere Produkte und Leistungen aufmerksam macht. Diese Webseite verwendet Cookies und andere Technologien, um den Datenverkehr auf der Webseite zu analysieren, damit wir ihre Gestaltung und Funktionalit\u00e4t weiter verbessern k\u00f6nnen, und um die Effizienz der Kommunikation mit unseren Kunden zu untersuchen. Des Weiteren verwendet diese Webseite Cookies, um die Web-Site besser auf Ihre Bed\u00fcrfnisse ausrichten und Ihnen bei jedem Besuch noch mehr Bequemlichkeit beim Navigieren bieten zu k\u00f6nnen.<br \/>\nWie die meisten Webseiten werden auch von uns bestimmte Informationen automatisch erfasst und in Protokolldateien gespeichert. Zu diesen Informationen geh\u00f6ren Internet-Protokolladressen (IP-Adressen), Browser-Typ, Internet-Service-Provider (ISP), Verweis-\/Endseiten, Betriebssystem, Datums-\/Zeitmarken und Clickstream-Daten. In einigen unserer E-Mail-Nachrichten verwendet wir eine so genannte &#8220;Click-through URL&#8221;, die mit Inhalt auf unserer Web-Site verkn\u00fcpft ist. Wenn Sie in eine solche URL-Adresse klicken, passieren Sie unseren Webserver, bevor Sie zu der eigentlichen Ziel-Webseite gelangen. wir verfolgen diese &#8220;Click-through&#8221;-Daten, um zu ermitteln, welches Interesse an bestimmten Themen besteht, und um die Effizienz der Kommunikation mit unseren Kunden zu messen. Wenn Sie vermeiden m\u00f6chten, dass solche Daten erfasst werden, klicken Sie in E-Mails einfach in keine Text- oder Grafik-Links.<\/p>\n<p>Gem\u00e4\u00df dem Datenschutzgesetz k\u00f6nnen Sie zuvor akzeptierte und installierte Cookies jederzeit deaktivieren. Der Vorgang unterscheidet sich je nach verwendetem Browser. Eine detaillierte Erl\u00e4uterung zur Deaktivierung in den verschiedenen Browsern, finden Sie in den unten angef\u00fchrten Links.<\/p>\n<p><a href=\"https:\/\/support.google.com\/accounts\/answer\/61416?hl=de\" target=\"_blank\" rel=\"noopener noreferrer\">Google Chrome<\/a><br \/>\n<a href=\"https:\/\/support.mozilla.org\/de\/kb\/cookies-erlauben-und-ablehnen\" target=\"_blank\" rel=\"noopener noreferrer\">Firefox<\/a><br \/>\n<a href=\"https:\/\/support.microsoft.com\/de-de\/help\/17442\/windows-internet-explorer-delete-manage-cookies\" target=\"_blank\" rel=\"noopener noreferrer\">Internet Explorer<\/a><br \/>\n<a href=\"https:\/\/support.apple.com\/de-de\/HT201265\" target=\"_blank\" rel=\"noopener noreferrer\">Safari<\/a><\/p>\n<p>Sollte Sie keinen der oben genannten Browser verwenden, w\u00e4hlen Sie bitte die Option \u201eCookies\u201c in der \u201eHilfe\u201c-Funktion, um zu erfahren, wo Ihre Cookies- Einstellungen zu finden sind. Einzelne nicht technische Cookies von Dritten k\u00f6nnen Sie deaktivieren und\/oder l\u00f6schen. N\u00e4heres hierzu finden Sie auf der Website der European Interactive Digital Advertising Alliance: www.youronlinechoices.eu<\/p>\n","protected":false},"excerpt":{"rendered":"<p>Inhaber der Webseite und verantwortlich f\u00fcr den Inhalt: HOTEL EDEN *** OHG der GALLIA GERDA &amp; Co. ROSIMSTRASSE 12 39029 SULDEN T +39 0473 613095 F +39 0473 613200 E-mail: info@eden-sulden.com Internet: www.eden-sulden.com UID-Nr: IT03099770210 I St.Nr: 03099770210 Codice destinatario: T9K4ZHO &#8211; PEC: hoteleden.ohg@pec.it IBAN: IT63A0818358940000304000285 Programmierung und Layout: ENGELTECH GmbH www.engel-tech.com Bildenachweis: Immagini: \u00a9 [&hellip;]<\/p>\n","protected":false},"author":2,"featured_media":0,"parent":0,"menu_order":0,"comment_status":"closed","ping_status":"closed","template":"","meta":{"_acf_changed":false,"footnotes":""},"acf":[],"yoast_head":"<!-- This site is optimized with the Yoast SEO plugin v22.9 - https:\/\/yoast.com\/wordpress\/plugins\/seo\/ -->\n<title>Legale - Hotel Eden *** d. Fam. Gallia - Sulden am Ortler<\/title>\n<meta name=\"robots\" content=\"index, follow, max-snippet:-1, max-image-preview:large, max-video-preview:-1\" \/>\n<link rel=\"canonical\" href=\"https:\/\/eden-sulden.com\/it\/legale\/\" \/>\n<meta property=\"og:locale\" content=\"it_IT\" \/>\n<meta property=\"og:type\" content=\"article\" \/>\n<meta property=\"og:title\" content=\"Legale - Hotel Eden *** d. Fam. Gallia - Sulden am Ortler\" \/>\n<meta property=\"og:description\" content=\"Inhaber der Webseite und verantwortlich f\u00fcr den Inhalt: HOTEL EDEN *** OHG der GALLIA GERDA &amp; Co. ROSIMSTRASSE 12 39029 SULDEN T +39 0473 613095 F +39 0473 613200 E-mail: info@eden-sulden.com Internet: www.eden-sulden.com UID-Nr: IT03099770210 I St.Nr: 03099770210 Codice destinatario: T9K4ZHO &#8211; PEC: hoteleden.ohg@pec.it IBAN: IT63A0818358940000304000285 Programmierung und Layout: ENGELTECH GmbH www.engel-tech.com Bildenachweis: Immagini: \u00a9 [&hellip;]\" \/>\n<meta property=\"og:url\" content=\"https:\/\/eden-sulden.com\/it\/legale\/\" \/>\n<meta property=\"og:site_name\" content=\"Hotel Eden *** d. Fam. Gallia - Sulden am Ortler\" \/>\n<meta property=\"article:modified_time\" content=\"2020-12-21T18:35:47+00:00\" \/>\n<meta name=\"twitter:card\" content=\"summary_large_image\" \/>\n<meta name=\"twitter:label1\" content=\"Tempo di lettura stimato\" \/>\n\t<meta name=\"twitter:data1\" content=\"3 minuti\" \/>\n<script type=\"application\/ld+json\" class=\"yoast-schema-graph\">{\"@context\":\"https:\/\/schema.org\",\"@graph\":[{\"@type\":\"WebPage\",\"@id\":\"https:\/\/eden-sulden.com\/it\/legale\/\",\"url\":\"https:\/\/eden-sulden.com\/it\/legale\/\",\"name\":\"Legale - Hotel Eden *** d. Fam. Gallia - Sulden am Ortler\",\"isPartOf\":{\"@id\":\"https:\/\/eden-sulden.com\/#website\"},\"datePublished\":\"2016-12-20T09:32:09+00:00\",\"dateModified\":\"2020-12-21T18:35:47+00:00\",\"breadcrumb\":{\"@id\":\"https:\/\/eden-sulden.com\/it\/legale\/#breadcrumb\"},\"inLanguage\":\"it-IT\",\"potentialAction\":[{\"@type\":\"ReadAction\",\"target\":[\"https:\/\/eden-sulden.com\/it\/legale\/\"]}]},{\"@type\":\"BreadcrumbList\",\"@id\":\"https:\/\/eden-sulden.com\/it\/legale\/#breadcrumb\",\"itemListElement\":[{\"@type\":\"ListItem\",\"position\":1,\"name\":\"Startseite\",\"item\":\"https:\/\/eden-sulden.com\/it\/\"},{\"@type\":\"ListItem\",\"position\":2,\"name\":\"Legale\"}]},{\"@type\":\"WebSite\",\"@id\":\"https:\/\/eden-sulden.com\/#website\",\"url\":\"https:\/\/eden-sulden.com\/\",\"name\":\"Hotel Eden *** d. Fam. Gallia - Sulden am Ortler\",\"description\":\"Winter und Sommerparadies\",\"publisher\":{\"@id\":\"https:\/\/eden-sulden.com\/#organization\"},\"potentialAction\":[{\"@type\":\"SearchAction\",\"target\":{\"@type\":\"EntryPoint\",\"urlTemplate\":\"https:\/\/eden-sulden.com\/?s={search_term_string}\"},\"query-input\":\"required name=search_term_string\"}],\"inLanguage\":\"it-IT\"},{\"@type\":\"Organization\",\"@id\":\"https:\/\/eden-sulden.com\/#organization\",\"name\":\"Hotel Eden *** d. Fam. Gallia - Sulden\",\"url\":\"https:\/\/eden-sulden.com\/\",\"logo\":{\"@type\":\"ImageObject\",\"inLanguage\":\"it-IT\",\"@id\":\"https:\/\/eden-sulden.com\/#\/schema\/logo\/image\/\",\"url\":\"https:\/\/www.eden-sulden.com\/wp-content\/uploads\/2016\/10\/Logo_Hotel_Eden_4c.png\",\"contentUrl\":\"https:\/\/www.eden-sulden.com\/wp-content\/uploads\/2016\/10\/Logo_Hotel_Eden_4c.png\",\"width\":399,\"height\":419,\"caption\":\"Hotel Eden *** d. Fam. Gallia - Sulden\"},\"image\":{\"@id\":\"https:\/\/eden-sulden.com\/#\/schema\/logo\/image\/\"}}]}<\/script>\n<!-- \/ Yoast SEO plugin. -->","yoast_head_json":{"title":"Legale - Hotel Eden *** d. Fam. Gallia - Sulden am Ortler","robots":{"index":"index","follow":"follow","max-snippet":"max-snippet:-1","max-image-preview":"max-image-preview:large","max-video-preview":"max-video-preview:-1"},"canonical":"https:\/\/eden-sulden.com\/it\/legale\/","og_locale":"it_IT","og_type":"article","og_title":"Legale - Hotel Eden *** d. Fam. Gallia - Sulden am Ortler","og_description":"Inhaber der Webseite und verantwortlich f\u00fcr den Inhalt: HOTEL EDEN *** OHG der GALLIA GERDA &amp; Co. ROSIMSTRASSE 12 39029 SULDEN T +39 0473 613095 F +39 0473 613200 E-mail: info@eden-sulden.com Internet: www.eden-sulden.com UID-Nr: IT03099770210 I St.Nr: 03099770210 Codice destinatario: T9K4ZHO &#8211; PEC: hoteleden.ohg@pec.it IBAN: IT63A0818358940000304000285 Programmierung und Layout: ENGELTECH GmbH www.engel-tech.com Bildenachweis: Immagini: \u00a9 [&hellip;]","og_url":"https:\/\/eden-sulden.com\/it\/legale\/","og_site_name":"Hotel Eden *** d. Fam. Gallia - Sulden am Ortler","article_modified_time":"2020-12-21T18:35:47+00:00","twitter_card":"summary_large_image","twitter_misc":{"Tempo di lettura stimato":"3 minuti"},"schema":{"@context":"https:\/\/schema.org","@graph":[{"@type":"WebPage","@id":"https:\/\/eden-sulden.com\/it\/legale\/","url":"https:\/\/eden-sulden.com\/it\/legale\/","name":"Legale - Hotel Eden *** d. Fam. Gallia - Sulden am Ortler","isPartOf":{"@id":"https:\/\/eden-sulden.com\/#website"},"datePublished":"2016-12-20T09:32:09+00:00","dateModified":"2020-12-21T18:35:47+00:00","breadcrumb":{"@id":"https:\/\/eden-sulden.com\/it\/legale\/#breadcrumb"},"inLanguage":"it-IT","potentialAction":[{"@type":"ReadAction","target":["https:\/\/eden-sulden.com\/it\/legale\/"]}]},{"@type":"BreadcrumbList","@id":"https:\/\/eden-sulden.com\/it\/legale\/#breadcrumb","itemListElement":[{"@type":"ListItem","position":1,"name":"Startseite","item":"https:\/\/eden-sulden.com\/it\/"},{"@type":"ListItem","position":2,"name":"Legale"}]},{"@type":"WebSite","@id":"https:\/\/eden-sulden.com\/#website","url":"https:\/\/eden-sulden.com\/","name":"Hotel Eden *** d. Fam. Gallia - Sulden am Ortler","description":"Winter und Sommerparadies","publisher":{"@id":"https:\/\/eden-sulden.com\/#organization"},"potentialAction":[{"@type":"SearchAction","target":{"@type":"EntryPoint","urlTemplate":"https:\/\/eden-sulden.com\/?s={search_term_string}"},"query-input":"required name=search_term_string"}],"inLanguage":"it-IT"},{"@type":"Organization","@id":"https:\/\/eden-sulden.com\/#organization","name":"Hotel Eden *** d. Fam. Gallia - Sulden","url":"https:\/\/eden-sulden.com\/","logo":{"@type":"ImageObject","inLanguage":"it-IT","@id":"https:\/\/eden-sulden.com\/#\/schema\/logo\/image\/","url":"https:\/\/www.eden-sulden.com\/wp-content\/uploads\/2016\/10\/Logo_Hotel_Eden_4c.png","contentUrl":"https:\/\/www.eden-sulden.com\/wp-content\/uploads\/2016\/10\/Logo_Hotel_Eden_4c.png","width":399,"height":419,"caption":"Hotel Eden *** d. Fam. Gallia - Sulden"},"image":{"@id":"https:\/\/eden-sulden.com\/#\/schema\/logo\/image\/"}}]}},"_links":{"self":[{"href":"https:\/\/eden-sulden.com\/it\/wp-json\/wp\/v2\/pages\/3392"}],"collection":[{"href":"https:\/\/eden-sulden.com\/it\/wp-json\/wp\/v2\/pages"}],"about":[{"href":"https:\/\/eden-sulden.com\/it\/wp-json\/wp\/v2\/types\/page"}],"author":[{"embeddable":true,"href":"https:\/\/eden-sulden.com\/it\/wp-json\/wp\/v2\/users\/2"}],"replies":[{"embeddable":true,"href":"https:\/\/eden-sulden.com\/it\/wp-json\/wp\/v2\/comments?post=3392"}],"version-history":[{"count":3,"href":"https:\/\/eden-sulden.com\/it\/wp-json\/wp\/v2\/pages\/3392\/revisions"}],"predecessor-version":[{"id":4140,"href":"https:\/\/eden-sulden.com\/it\/wp-json\/wp\/v2\/pages\/3392\/revisions\/4140"}],"wp:attachment":[{"href":"https:\/\/eden-sulden.com\/it\/wp-json\/wp\/v2\/media?parent=3392"}],"curies":[{"name":"wp","href":"https:\/\/api.w.org\/{rel}","templated":true}]}}