{"id":3388,"date":"2016-08-23T12:32:51","date_gmt":"2016-08-23T10:32:51","guid":{"rendered":"http:\/\/www.eden-sulden.com\/?page_id=3388\/"},"modified":"2021-08-05T15:36:28","modified_gmt":"2021-08-05T13:36:28","slug":"home","status":"publish","type":"page","link":"https:\/\/eden-sulden.com\/it\/","title":{"rendered":"Home"},"content":{"rendered":"[vc_row css=&#8221;.vc_custom_1472121587038{margin-top: 100px !important;}&#8221;][vc_column][vc_column_text css=&#8221;.vc_custom_1484848595186{margin-top: 0px !important;margin-bottom: 100px !important;}&#8221;]\n<h1 class=\"calluna-heading calluna-heading-single-line text-align-center \">Il vostro Hotel<br \/>\nvicino all&#8217;Ortles<\/h1>\n[\/vc_column_text][\/vc_column][\/vc_row][vc_row css=&#8221;.vc_custom_1472121595086{margin-bottom: 100px !important;}&#8221;][vc_column width=&#8221;1\/2&#8243;][vc_column_text css=&#8221;.vc_custom_1485444532245{padding-right: 10% !important;padding-left: 10% !important;}&#8221;]L\u2019idilliaco paese montano di Solda si trova in Alto Adige, nel cuore della regione dell&#8217;Ortles, a 1900 metri sul livello del mare. Nonostante i soli 400 abitanti, Solda si presenta come un comprensorio per gli sport invernali eccezionale dal punto di vista paesaggistico. Direttamente nel pi\u00f9 grande parco nazionale italiano \u2013 il Parco Nazionale dello Stelvio \u2013 il paese d\u2019alta montagna \u00e8 caratterizzato dalla vista sull\u2019Ortles, alta 3.905 m. Tuttavia, Solda non \u00e8 il paradiso solo per gli amanti dei vari sport invernali \u2013 grazie al suo esteso paesaggio montano attorno al circostante tremila \u00e8 il luogo ideale anche per chi ama fare tranquille escursioni nel tempo libero, il nordic walking, fare jogging o andare in mountain bike.[\/vc_column_text][\/vc_column][vc_column width=&#8221;1\/2&#8243;][vc_column_text css=&#8221;.vc_custom_1485444546334{padding-right: 10% !important;padding-left: 10% !important;}&#8221;]Una moltitudine di percorsi, sentieri di montagna e trail consentono di esplorare il multisfaccettato paesaggio culturale di questa regione unica nel suo genere anche in estate. Il variegato paesaggio alpino del Parco Nazionale dello Stelvio, con una rete stradale di oltre 250 km di sentieri segnalati, rende la regione turistica dell&#8217;Ortles uno dei comprensori escursionistici pi\u00f9 apprezzati dell&#8217;Alto Adige. L&#8217;hotel Eden, a gestione familiare, \u00e8 ubicato proprio nel cuore del paese e a soli pochi minuti a piedi dagli impianti di risalita. Immersi nel paesaggio naturale mozzafiato che circonda la zona dell&#8217;Ortles, vi viziamo con la cucina locale e l&#8217;accoglienza tipica dell&#8217;Alto Adige.[\/vc_column_text][\/vc_column][\/vc_row][vc_row full_width=&#8221;stretch_row_content_no_spaces&#8221;][vc_column style=&#8221;column-style-2&#8243;]\n\t\t\t<section class=\"image-square left\">\n\t\t\t    <div class=\"col-md-6 image\">\n\t\t\t        <div class=\"background-image-holder\">\n\t\t\t            <img loading=\"lazy\" decoding=\"async\" width=\"1920\" height=\"1280\" src=\"https:\/\/eden-sulden.com\/wp-content\/uploads\/2017\/02\/home.jpg\" class=\"background-image\" alt=\"\" srcset=\"https:\/\/eden-sulden.com\/wp-content\/uploads\/2017\/02\/home.jpg 1920w, https:\/\/eden-sulden.com\/wp-content\/uploads\/2017\/02\/home-300x200.jpg 300w, https:\/\/eden-sulden.com\/wp-content\/uploads\/2017\/02\/home-768x512.jpg 768w, https:\/\/eden-sulden.com\/wp-content\/uploads\/2017\/02\/home-1024x683.jpg 1024w\" sizes=\"(max-width: 1920px) 100vw, 1920px\" \/>\n\t\t\t        <\/div>\n\t\t\t    <\/div>\n\t\t\t    <div class=\"col-md-6 col-md-offset-1 content\">\n\t\t\t        \n<h2>Offerte<\/h2>\n<p>Vi coccoliamo con arredamento pregiato e di qualit\u00e0, atmosfera familiare e offerte per attivit\u00e0 di vario genere. Per avere maggiori informazioni, cliccate sull&#8217;offerta desiderata. Le nostre offerte invernali includono sempre lo skipass Solda.<\/p>\n<a href=\"http:\/\/www.eden-sulden.com\/it\/offerte\/\" class=\"calluna-button btn btn-primary  style-1   \" target=\"_self\" title=\"Le nostre offerte\" rel=\"\"><span class=\"calluna-button-inner\">Le nostre offerte<\/span><\/a>\n\t\t\t    <\/div>\n\t\t\t<\/section>\n\t\t[\/vc_column][\/vc_row][vc_row full_width=&#8221;stretch_row_content_no_spaces&#8221;][vc_column style=&#8221;column-style-2&#8243;]\n\t\t\t<section class=\"image-square right\">\n\t\t\t    <div class=\"col-md-6 image\">\n\t\t\t        <div class=\"background-image-holder\">\n\t\t\t            <img loading=\"lazy\" decoding=\"async\" width=\"2000\" height=\"1333\" src=\"https:\/\/eden-sulden.com\/wp-content\/uploads\/2017\/05\/3.jpg\" class=\"background-image\" alt=\"Hotel Eden in Sulden Ambiente - Zimmer mit Sessel\" srcset=\"https:\/\/eden-sulden.com\/wp-content\/uploads\/2017\/05\/3.jpg 2000w, https:\/\/eden-sulden.com\/wp-content\/uploads\/2017\/05\/3-300x200.jpg 300w, https:\/\/eden-sulden.com\/wp-content\/uploads\/2017\/05\/3-768x512.jpg 768w, https:\/\/eden-sulden.com\/wp-content\/uploads\/2017\/05\/3-1024x682.jpg 1024w\" sizes=\"(max-width: 2000px) 100vw, 2000px\" \/>\n\t\t\t        <\/div>\n\t\t\t    <\/div>\n\t\t\t    <div class=\"col-md-6 content\">\n\t\t\t        \n<h2>Ambiente<\/h2>\n<p>L&#8217;elegante ambiente della nostra struttura assicura un clima rilassante. Godetevi dei momenti speciali in compagnia davanti a un buon bicchiere di vino dell&#8217;Alto Adige e fate nuove conoscenze con persone piacevoli. Dimenticate per una volta la routine quotidiana e godetevi l&#8217;ambiente accogliente e confortevole dell&#8217;hotel Eden.<\/p>\n<a href=\"http:\/\/www.eden-sulden.com\/it\/ambiente\/\" class=\"calluna-button btn btn-primary  style-1   \" target=\"_self\" title=\"Nostro ambiente\" rel=\"\"><span class=\"calluna-button-inner\">Nostro ambiente<\/span><\/a>\n\t\t\t    <\/div>\n\t\t\t<\/section>\n\t\t[\/vc_column][\/vc_row][vc_row full_width=&#8221;stretch_row&#8221; css=&#8221;.vc_custom_1476784359513{margin-top: 0px !important;margin-bottom: 0px !important;padding-top: 100px !important;padding-bottom: 100px !important;background-color: #ffffff !important;}&#8221;][vc_column css=&#8221;.vc_custom_1474015609012{padding-top: 0px !important;padding-right: 0px !important;padding-bottom: 0px !important;padding-left: 0px !important;}&#8221;][vc_column_text css=&#8221;.vc_custom_1484825747284{margin-top: 0px !important;margin-bottom: 100px !important;}&#8221;]\n<h2 class=\"calluna-heading calluna-heading-single-line text-align-center \">Le nostre camere<\/h2>\n[\/vc_column_text][vc_basic_grid post_type=&#8221;apb_room_type&#8221; max_items=&#8221;10&#8243; style=&#8221;lazy&#8221; items_per_page=&#8221;3&#8243; order=&#8221;ASC&#8221; item=&#8221;3603&#8243; grid_id=&#8221;vc_gid:1628170439797-ee8c242a206ad336318a572d483bb0c3-1&#8243;][\/vc_column][\/vc_row][vc_row full_width=&#8221;stretch_row_content_no_spaces&#8221; css=&#8221;.vc_custom_1473676851875{margin: 0px !important;border-width: 0px !important;padding: 0px !important;}&#8221;][vc_column style=&#8221;column-style-2&#8243; css=&#8221;.vc_custom_1473676839242{margin: 0px !important;border-width: 0px !important;padding: 0px !important;}&#8221;]\n\t\t\t<section class=\"image-square left\">\n\t\t\t    <div class=\"col-md-6 image\">\n\t\t\t        <div class=\"background-image-holder\">\n\t\t\t            <img loading=\"lazy\" decoding=\"async\" width=\"1920\" height=\"1280\" src=\"https:\/\/eden-sulden.com\/wp-content\/uploads\/2016\/12\/P1010664.jpg\" class=\"background-image\" alt=\"\" srcset=\"https:\/\/eden-sulden.com\/wp-content\/uploads\/2016\/12\/P1010664.jpg 1920w, https:\/\/eden-sulden.com\/wp-content\/uploads\/2016\/12\/P1010664-300x200.jpg 300w, https:\/\/eden-sulden.com\/wp-content\/uploads\/2016\/12\/P1010664-768x512.jpg 768w, https:\/\/eden-sulden.com\/wp-content\/uploads\/2016\/12\/P1010664-1024x683.jpg 1024w\" sizes=\"(max-width: 1920px) 100vw, 1920px\" \/>\n\t\t\t        <\/div>\n\t\t\t    <\/div>\n\t\t\t    <div class=\"col-md-6 col-md-offset-1 content\">\n\t\t\t        \n<h2>Culinario<\/h2>\n<p>Reinterpretazione della tradizione: dalla cucina tradizionale altoatesina, dalla leggera cucina mediterranea italiana e sperimentazioni dalla cucina internazionale. Un piccolo assaggio&#8230;<\/p>\n<a href=\"http:\/\/www.eden-sulden.com\/it\/culinario\/\" class=\"calluna-button btn btn-primary  style-1   \" target=\"_self\" title=\"Per sapere di pi\u00fa\" rel=\"\"><span class=\"calluna-button-inner\">Per sapere di pi\u00fa<\/span><\/a>\n\t\t\t    <\/div>\n\t\t\t<\/section>\n\t\t[\/vc_column][\/vc_row][vc_row full_width=&#8221;stretch_row_content_no_spaces&#8221; css=&#8221;.vc_custom_1473676864964{margin: 0px !important;border-width: 0px !important;padding: 0px !important;}&#8221;][vc_column style=&#8221;column-style-2&#8243; css=&#8221;.vc_custom_1473676934247{margin: 0px !important;border-width: 0px !important;padding: 0px !important;}&#8221;]\n\t\t\t<section class=\"image-square right\">\n\t\t\t    <div class=\"col-md-6 image\">\n\t\t\t        <div class=\"background-image-holder\">\n\t\t\t            <img loading=\"lazy\" decoding=\"async\" width=\"3000\" height=\"2000\" src=\"https:\/\/eden-sulden.com\/wp-content\/uploads\/2016\/12\/EC2A9984-1.jpg\" class=\"background-image\" alt=\"\" srcset=\"https:\/\/eden-sulden.com\/wp-content\/uploads\/2016\/12\/EC2A9984-1.jpg 3000w, https:\/\/eden-sulden.com\/wp-content\/uploads\/2016\/12\/EC2A9984-1-300x200.jpg 300w, https:\/\/eden-sulden.com\/wp-content\/uploads\/2016\/12\/EC2A9984-1-768x512.jpg 768w, https:\/\/eden-sulden.com\/wp-content\/uploads\/2016\/12\/EC2A9984-1-1024x683.jpg 1024w\" sizes=\"(max-width: 3000px) 100vw, 3000px\" \/>\n\t\t\t        <\/div>\n\t\t\t    <\/div>\n\t\t\t    <div class=\"col-md-6 content\">\n\t\t\t        \n<h2>Wellness<\/h2>\n<p>S\u00ec, \u00e8 il bel tempo che porta tutto l&#8217;anno i vacanzieri a Solda, ma sono anche le piccolezze a rendere perfetta una bella escursione o una bella giornata sugli sci. A disposizione dei nostri ospiti ci sono inoltre la sauna finlandese, il bagno turco e una grande vasca idromassaggio.\n\t\t\t    <\/div>\n\t\t\t<\/section>\n\t\t[\/vc_column][\/vc_row][vc_row full_width=&#8221;stretch_row_content_no_spaces&#8221; css=&#8221;.vc_custom_1473427016074{margin: 0px !important;border-width: 0px !important;padding: 0px !important;}&#8221;][vc_column css=&#8221;.vc_custom_1473427026304{margin: 0px !important;border-width: 0px !important;padding: 0px !important;}&#8221;][\/vc_column][\/vc_row]\n<div id=\"wpgmza_map\" class=\"wpgmza_map\" data-settings='{\"id\":\"1\",\"map_title\":\"Hotel Eden\",\"map_width\":\"100\",\"map_height\":\"500\",\"map_start_lat\":\"46.51925254071833\",\"map_start_lng\":\"10.594828380726787\",\"map_start_location\":\"45.950464398418106,-109.81550500000003\",\"map_start_zoom\":\"15\",\"default_marker\":\"\",\"type\":\"0\",\"alignment\":\"4\",\"directions_enabled\":\"0\",\"styling_enabled\":\"0\",\"styling_json\":\"\",\"active\":\"0\",\"kml\":\"\",\"bicycle\":\"0\",\"traffic\":\"0\",\"dbox\":\"0\",\"dbox_width\":\"\",\"listmarkers\":\"0\",\"listmarkers_advanced\":\"0\",\"filterbycat\":\"0\",\"ugm_enabled\":\"0\",\"ugm_category_enabled\":\"0\",\"fusion\":\"\",\"map_width_type\":\"%\",\"map_height_type\":\"px\",\"mass_marker_support\":\"0\",\"ugm_access\":\"0\",\"order_markers_by\":\"0\",\"order_markers_choice\":\"0\",\"show_user_location\":\"0\",\"default_to\":\"\",\"other_settings\":{\"map_type\":1,\"sl_stroke_color\":\"\",\"sl_fill_color\":\"\",\"sl_stroke_opacity\":\"\",\"sl_fill_opacity\":\"\",\"transport_layer\":false,\"action\":\"wpgmza_save_map\",\"redirect_to\":\"\\\/wp-admin\\\/admin-post.php\",\"map_id\":\"1\",\"http_referer\":\"\\\/wp-admin\\\/admin.php?page=wp-google-maps-menu&amp;amp;override=1&amp;amp;action=edit&amp;amp;map_id=1\",\"wpgmza_id\":\"1\",\"wpgmza_start_location\":\"46.51925254071833,10.594828380726787\",\"wpgmza_start_zoom\":\"15\",\"store_locator_enabled\":false,\"store_locator_search_area\":\"radial\",\"wpgmza_store_locator_radius_style\":\"legacy\",\"wpgmza_store_locator_default_radius\":\"10\",\"store_locator_auto_area_max_zoom\":\"\",\"store_locator_distance\":false,\"wpgmza_store_locator_position\":false,\"store_locator_show_distance\":false,\"store_locator_category\":false,\"wpgmza_store_locator_use_their_location\":false,\"wpgmza_store_locator_bounce\":false,\"wpgmza_sl_animation\":null,\"wpgmza_store_locator_hide_before_search\":false,\"store_locator_query_string\":\"\",\"store_locator_default_address\":\"\",\"store_locator_name_search\":false,\"store_locator_name_string\":\"\",\"store_locator_not_found_message\":\"\",\"wpgmza_map_align\":\"1\",\"jump_to_nearest_marker_on_initialization\":false,\"automatically_pan_to_users_location\":false,\"override_users_location_zoom_level\":false,\"override_users_location_zoom_levels\":\"\",\"show_distance_from_location\":false,\"map_max_zoom\":\"21\",\"map_min_zoom\":\"0\",\"click_open_link\":false,\"fit_maps_bounds_to_markers\":false,\"fit_maps_bounds_to_markers_after_filtering\":false,\"hide_point_of_interest\":false,\"wpgmza_zoom_on_marker_click\":false,\"wpgmza_zoom_on_marker_click_slider\":\"\",\"close_infowindow_on_map_click\":false,\"disable_lightbox_images\":false,\"use_Raw_Jpeg_Coordinates\":false,\"polygon_labels\":false,\"disable_polygon_info_windows\":false,\"enable_marker_ratings\":false,\"only_load_markers_within_viewport\":false,\"iw_primary_color\":\"\",\"iw_accent_color\":\"\",\"iw_text_color\":\"\",\"wpgmza_listmarkers_by\":\"0\",\"wpgmza_marker_listing_position\":false,\"zoom_level_on_marker_listing_override\":false,\"zoom_level_on_marker_listing_click\":\"\",\"datatable_no_result_message\":\"\",\"remove_search_box_datables\":false,\"dataTable_pagination_style\":null,\"datatable_search_string\":\"\",\"datatable_result_start\":\"\",\"datatable_result_of\":\"\",\"datatable_result_to\":\"\",\"datatable_result_total\":\"\",\"datatable_result_show\":\"\",\"datatable_result_entries\":\"\",\"wpgmza_savemap\":\"Karte speichern \\u00bb\"}}' data-map-id='1' Data-maps-engine='open-layers' data-shortcode-attributes='{\"id\":\"1\"}' style=\"display:block; overflow:auto; width:100%; height:500px; float:left;\"><\/div>\n","protected":false},"excerpt":{"rendered":"<p>[vc_row css=&#8221;.vc_custom_1472121587038{margin-top: 100px !important;}&#8221;][vc_column][vc_column_text css=&#8221;.vc_custom_1484848595186{margin-top: 0px !important;margin-bottom: 100px !important;}&#8221;] Il vostro Hotel vicino all&#8217;Ortles [\/vc_column_text][\/vc_column][\/vc_row][vc_row css=&#8221;.vc_custom_1472121595086{margin-bottom: 100px !important;}&#8221;][vc_column width=&#8221;1\/2&#8243;][vc_column_text css=&#8221;.vc_custom_1485444532245{padding-right: 10% !important;padding-left: 10% !important;}&#8221;]L\u2019idilliaco paese montano di Solda si trova in Alto Adige, nel cuore della regione dell&#8217;Ortles, a 1900 metri sul livello del mare. Nonostante i soli 400 abitanti, Solda si presenta come un [&hellip;]<\/p>\n","protected":false},"author":2,"featured_media":0,"parent":0,"menu_order":0,"comment_status":"closed","ping_status":"closed","template":"","meta":{"_acf_changed":false,"footnotes":""},"acf":[],"yoast_head":"<!-- This site is optimized with the Yoast SEO plugin v22.9 - https:\/\/yoast.com\/wordpress\/plugins\/seo\/ -->\n<title>Home - Hotel Eden *** d. Fam. Gallia - Sulden am Ortler<\/title>\n<meta name=\"description\" content=\"Im Herzen des s\u00fcdtiroler Ortlergebiets liegt das idyllische Bergdorf Sulden auf 1900 Metern Seeh\u00f6he. Trotz seiner nur 400 Einwohnern pr\u00e4sentiert sich Sulden \u2026\" \/>\n<meta name=\"robots\" content=\"index, follow, max-snippet:-1, max-image-preview:large, max-video-preview:-1\" \/>\n<link rel=\"canonical\" href=\"https:\/\/eden-sulden.com\/it\/\" \/>\n<meta property=\"og:locale\" content=\"it_IT\" \/>\n<meta property=\"og:type\" content=\"article\" \/>\n<meta property=\"og:title\" content=\"Home - Hotel Eden *** d. Fam. Gallia - Sulden am Ortler\" \/>\n<meta property=\"og:description\" content=\"Im Herzen des s\u00fcdtiroler Ortlergebiets liegt das idyllische Bergdorf Sulden auf 1900 Metern Seeh\u00f6he. Trotz seiner nur 400 Einwohnern pr\u00e4sentiert sich Sulden \u2026\" \/>\n<meta property=\"og:url\" content=\"https:\/\/eden-sulden.com\/it\/\" \/>\n<meta property=\"og:site_name\" content=\"Hotel Eden *** d. Fam. Gallia - Sulden am Ortler\" \/>\n<meta property=\"article:modified_time\" content=\"2021-08-05T13:36:28+00:00\" \/>\n<meta name=\"twitter:card\" content=\"summary_large_image\" \/>\n<meta name=\"twitter:label1\" content=\"Tempo di lettura stimato\" \/>\n\t<meta name=\"twitter:data1\" content=\"3 minuti\" \/>\n<script type=\"application\/ld+json\" class=\"yoast-schema-graph\">{\"@context\":\"https:\/\/schema.org\",\"@graph\":[{\"@type\":\"WebPage\",\"@id\":\"https:\/\/eden-sulden.com\/it\/\",\"url\":\"https:\/\/eden-sulden.com\/it\/\",\"name\":\"Home - Hotel Eden *** d. Fam. Gallia - Sulden am Ortler\",\"isPartOf\":{\"@id\":\"https:\/\/eden-sulden.com\/#website\"},\"datePublished\":\"2016-08-23T10:32:51+00:00\",\"dateModified\":\"2021-08-05T13:36:28+00:00\",\"description\":\"Im Herzen des s\u00fcdtiroler Ortlergebiets liegt das idyllische Bergdorf Sulden auf 1900 Metern Seeh\u00f6he. Trotz seiner nur 400 Einwohnern pr\u00e4sentiert sich Sulden \u2026\",\"breadcrumb\":{\"@id\":\"https:\/\/eden-sulden.com\/it\/#breadcrumb\"},\"inLanguage\":\"it-IT\",\"potentialAction\":[{\"@type\":\"ReadAction\",\"target\":[\"https:\/\/eden-sulden.com\/it\/\"]}]},{\"@type\":\"BreadcrumbList\",\"@id\":\"https:\/\/eden-sulden.com\/it\/#breadcrumb\",\"itemListElement\":[{\"@type\":\"ListItem\",\"position\":1,\"name\":\"Startseite\",\"item\":\"https:\/\/eden-sulden.com\/it\/\"},{\"@type\":\"ListItem\",\"position\":2,\"name\":\"Home\"}]},{\"@type\":\"WebSite\",\"@id\":\"https:\/\/eden-sulden.com\/#website\",\"url\":\"https:\/\/eden-sulden.com\/\",\"name\":\"Hotel Eden *** d. Fam. Gallia - Sulden am Ortler\",\"description\":\"Winter und Sommerparadies\",\"publisher\":{\"@id\":\"https:\/\/eden-sulden.com\/#organization\"},\"potentialAction\":[{\"@type\":\"SearchAction\",\"target\":{\"@type\":\"EntryPoint\",\"urlTemplate\":\"https:\/\/eden-sulden.com\/?s={search_term_string}\"},\"query-input\":\"required name=search_term_string\"}],\"inLanguage\":\"it-IT\"},{\"@type\":\"Organization\",\"@id\":\"https:\/\/eden-sulden.com\/#organization\",\"name\":\"Hotel Eden *** d. Fam. Gallia - Sulden\",\"url\":\"https:\/\/eden-sulden.com\/\",\"logo\":{\"@type\":\"ImageObject\",\"inLanguage\":\"it-IT\",\"@id\":\"https:\/\/eden-sulden.com\/#\/schema\/logo\/image\/\",\"url\":\"https:\/\/www.eden-sulden.com\/wp-content\/uploads\/2016\/10\/Logo_Hotel_Eden_4c.png\",\"contentUrl\":\"https:\/\/www.eden-sulden.com\/wp-content\/uploads\/2016\/10\/Logo_Hotel_Eden_4c.png\",\"width\":399,\"height\":419,\"caption\":\"Hotel Eden *** d. Fam. Gallia - Sulden\"},\"image\":{\"@id\":\"https:\/\/eden-sulden.com\/#\/schema\/logo\/image\/\"}}]}<\/script>\n<!-- \/ Yoast SEO plugin. -->","yoast_head_json":{"title":"Home - Hotel Eden *** d. Fam. Gallia - Sulden am Ortler","description":"Im Herzen des s\u00fcdtiroler Ortlergebiets liegt das idyllische Bergdorf Sulden auf 1900 Metern Seeh\u00f6he. Trotz seiner nur 400 Einwohnern pr\u00e4sentiert sich Sulden \u2026","robots":{"index":"index","follow":"follow","max-snippet":"max-snippet:-1","max-image-preview":"max-image-preview:large","max-video-preview":"max-video-preview:-1"},"canonical":"https:\/\/eden-sulden.com\/it\/","og_locale":"it_IT","og_type":"article","og_title":"Home - Hotel Eden *** d. Fam. Gallia - Sulden am Ortler","og_description":"Im Herzen des s\u00fcdtiroler Ortlergebiets liegt das idyllische Bergdorf Sulden auf 1900 Metern Seeh\u00f6he. Trotz seiner nur 400 Einwohnern pr\u00e4sentiert sich Sulden \u2026","og_url":"https:\/\/eden-sulden.com\/it\/","og_site_name":"Hotel Eden *** d. Fam. Gallia - Sulden am Ortler","article_modified_time":"2021-08-05T13:36:28+00:00","twitter_card":"summary_large_image","twitter_misc":{"Tempo di lettura stimato":"3 minuti"},"schema":{"@context":"https:\/\/schema.org","@graph":[{"@type":"WebPage","@id":"https:\/\/eden-sulden.com\/it\/","url":"https:\/\/eden-sulden.com\/it\/","name":"Home - Hotel Eden *** d. Fam. Gallia - Sulden am Ortler","isPartOf":{"@id":"https:\/\/eden-sulden.com\/#website"},"datePublished":"2016-08-23T10:32:51+00:00","dateModified":"2021-08-05T13:36:28+00:00","description":"Im Herzen des s\u00fcdtiroler Ortlergebiets liegt das idyllische Bergdorf Sulden auf 1900 Metern Seeh\u00f6he. Trotz seiner nur 400 Einwohnern pr\u00e4sentiert sich Sulden \u2026","breadcrumb":{"@id":"https:\/\/eden-sulden.com\/it\/#breadcrumb"},"inLanguage":"it-IT","potentialAction":[{"@type":"ReadAction","target":["https:\/\/eden-sulden.com\/it\/"]}]},{"@type":"BreadcrumbList","@id":"https:\/\/eden-sulden.com\/it\/#breadcrumb","itemListElement":[{"@type":"ListItem","position":1,"name":"Startseite","item":"https:\/\/eden-sulden.com\/it\/"},{"@type":"ListItem","position":2,"name":"Home"}]},{"@type":"WebSite","@id":"https:\/\/eden-sulden.com\/#website","url":"https:\/\/eden-sulden.com\/","name":"Hotel Eden *** d. Fam. Gallia - Sulden am Ortler","description":"Winter und Sommerparadies","publisher":{"@id":"https:\/\/eden-sulden.com\/#organization"},"potentialAction":[{"@type":"SearchAction","target":{"@type":"EntryPoint","urlTemplate":"https:\/\/eden-sulden.com\/?s={search_term_string}"},"query-input":"required name=search_term_string"}],"inLanguage":"it-IT"},{"@type":"Organization","@id":"https:\/\/eden-sulden.com\/#organization","name":"Hotel Eden *** d. Fam. Gallia - Sulden","url":"https:\/\/eden-sulden.com\/","logo":{"@type":"ImageObject","inLanguage":"it-IT","@id":"https:\/\/eden-sulden.com\/#\/schema\/logo\/image\/","url":"https:\/\/www.eden-sulden.com\/wp-content\/uploads\/2016\/10\/Logo_Hotel_Eden_4c.png","contentUrl":"https:\/\/www.eden-sulden.com\/wp-content\/uploads\/2016\/10\/Logo_Hotel_Eden_4c.png","width":399,"height":419,"caption":"Hotel Eden *** d. Fam. Gallia - Sulden"},"image":{"@id":"https:\/\/eden-sulden.com\/#\/schema\/logo\/image\/"}}]}},"_links":{"self":[{"href":"https:\/\/eden-sulden.com\/it\/wp-json\/wp\/v2\/pages\/3388"}],"collection":[{"href":"https:\/\/eden-sulden.com\/it\/wp-json\/wp\/v2\/pages"}],"about":[{"href":"https:\/\/eden-sulden.com\/it\/wp-json\/wp\/v2\/types\/page"}],"author":[{"embeddable":true,"href":"https:\/\/eden-sulden.com\/it\/wp-json\/wp\/v2\/users\/2"}],"replies":[{"embeddable":true,"href":"https:\/\/eden-sulden.com\/it\/wp-json\/wp\/v2\/comments?post=3388"}],"version-history":[{"count":4,"href":"https:\/\/eden-sulden.com\/it\/wp-json\/wp\/v2\/pages\/3388\/revisions"}],"predecessor-version":[{"id":4324,"href":"https:\/\/eden-sulden.com\/it\/wp-json\/wp\/v2\/pages\/3388\/revisions\/4324"}],"wp:attachment":[{"href":"https:\/\/eden-sulden.com\/it\/wp-json\/wp\/v2\/media?parent=3388"}],"curies":[{"name":"wp","href":"https:\/\/api.w.org\/{rel}","templated":true}]}}