{"id":3386,"date":"2016-08-24T15:48:45","date_gmt":"2016-08-24T13:48:45","guid":{"rendered":"http:\/\/www.eden-sulden.com\/?page_id=3386\/"},"modified":"2021-08-05T09:57:52","modified_gmt":"2021-08-05T07:57:52","slug":"offerte","status":"publish","type":"page","link":"https:\/\/eden-sulden.com\/it\/offerte\/","title":{"rendered":"Offerte"},"content":{"rendered":"[vc_row css=&#8221;.vc_custom_1473678309197{padding: 70px !important;}&#8221;][vc_column][vc_column_text]\n<h1 style=\"text-align: center;\">Offerte per la tua<br \/>\nvacanza a Solda<\/h1>\n<h2 class=\"calluna-heading calluna-heading-single-line text-align-center \">LE NOSTRE OFFERTE IN ESCLUSIVA<\/h2>\n[\/vc_column_text][vc_column_text]\n<p style=\"text-align: center;\">Vi coccoliamo con arredamento pregiato e di qualit\u00e0, atmosfera familiare e offerte per attivit\u00e0 di vario genere. Per avere maggiori informazioni, cliccate sull&#8217;offerta desiderata. Le nostre offerte invernali includono sempre lo skipass Solda.<\/p>\n<p style=\"text-align: center;\"><em><strong>Il prezzo delle offerte si intende nella categoria STANDART<\/strong><\/em><\/p>\n[\/vc_column_text][\/vc_column][\/vc_row][vc_row full_width=&#8221;stretch_row_content_no_spaces&#8221; css=&#8221;.vc_custom_1473678339054{padding-top: 0px !important;padding-bottom: 0px !important;}&#8221;][vc_column style=&#8221;column-style-2&#8243; css=&#8221;.vc_custom_1473678352836{padding: 70px !important;}&#8221;][vc_basic_grid post_type=&#8221;offer&#8221; max_items=&#8221;20&#8243; style=&#8221;lazy&#8221; items_per_page=&#8221;20&#8243; item=&#8221;3603&#8243; grid_id=&#8221;vc_gid:1497453935403-29d09df0-3065-6&#8243;][\/vc_column][\/vc_row][vc_row css=&#8221;.vc_custom_1479992644876{padding-top: 50px !important;padding-bottom: 50px !important;}&#8221;][vc_column][vc_column_text]\n<h2>I nostri prezzi<\/h2>\n[\/vc_column_text][vc_column_text]Per avere una panoramica dei nostri prezzi, \u00e8 sufficiente fare clic sul pulsante qui sotto.[\/vc_column_text][vc_btn title=&#8221;I NOSTRI PREZZI&#8221; color=&#8221;chino&#8221; size=&#8221;lg&#8221; css_animation=&#8221;appear&#8221; link=&#8221;url:http%3A%2F%2Fwww.eden-sulden.com%2Fit%2Fprezzi%2F|||&#8221;][\/vc_column][\/vc_row]\n","protected":false},"excerpt":{"rendered":"<p>[vc_row css=&#8221;.vc_custom_1473678309197{padding: 70px !important;}&#8221;][vc_column][vc_column_text] Offerte per la tua vacanza a Solda LE NOSTRE OFFERTE IN ESCLUSIVA [\/vc_column_text][vc_column_text] Vi coccoliamo con arredamento pregiato e di qualit\u00e0, atmosfera familiare e offerte per attivit\u00e0 di vario genere. Per avere maggiori informazioni, cliccate sull&#8217;offerta desiderata. Le nostre offerte invernali includono sempre lo skipass Solda. Il prezzo delle offerte si [&hellip;]<\/p>\n","protected":false},"author":2,"featured_media":0,"parent":0,"menu_order":0,"comment_status":"closed","ping_status":"closed","template":"","meta":{"_acf_changed":false,"footnotes":""},"acf":[],"yoast_head":"<!-- This site is optimized with the Yoast SEO plugin v22.9 - https:\/\/yoast.com\/wordpress\/plugins\/seo\/ -->\n<title>Offerte - Hotel Eden *** d. Fam. Gallia - Sulden am Ortler<\/title>\n<meta name=\"description\" content=\"Wir verw\u00f6hnen Sie mit qualitativ hochwertiger Ausstattung, famili\u00e4rer Atmosph\u00e4re und einem vielf\u00e4ltigen Aktivangebot.\" \/>\n<meta name=\"robots\" content=\"index, follow, max-snippet:-1, max-image-preview:large, max-video-preview:-1\" \/>\n<link rel=\"canonical\" href=\"https:\/\/eden-sulden.com\/it\/offerte\/\" \/>\n<meta property=\"og:locale\" content=\"it_IT\" \/>\n<meta property=\"og:type\" content=\"article\" \/>\n<meta property=\"og:title\" content=\"Offerte - Hotel Eden *** d. Fam. Gallia - Sulden am Ortler\" \/>\n<meta property=\"og:description\" content=\"Wir verw\u00f6hnen Sie mit qualitativ hochwertiger Ausstattung, famili\u00e4rer Atmosph\u00e4re und einem vielf\u00e4ltigen Aktivangebot.\" \/>\n<meta property=\"og:url\" content=\"https:\/\/eden-sulden.com\/it\/offerte\/\" \/>\n<meta property=\"og:site_name\" content=\"Hotel Eden *** d. Fam. Gallia - Sulden am Ortler\" \/>\n<meta property=\"article:modified_time\" content=\"2021-08-05T07:57:52+00:00\" \/>\n<meta name=\"twitter:card\" content=\"summary_large_image\" \/>\n<meta name=\"twitter:label1\" content=\"Tempo di lettura stimato\" \/>\n\t<meta name=\"twitter:data1\" content=\"1 minuto\" \/>\n<script type=\"application\/ld+json\" class=\"yoast-schema-graph\">{\"@context\":\"https:\/\/schema.org\",\"@graph\":[{\"@type\":\"WebPage\",\"@id\":\"https:\/\/eden-sulden.com\/it\/offerte\/\",\"url\":\"https:\/\/eden-sulden.com\/it\/offerte\/\",\"name\":\"Offerte - Hotel Eden *** d. Fam. Gallia - Sulden am Ortler\",\"isPartOf\":{\"@id\":\"https:\/\/eden-sulden.com\/#website\"},\"datePublished\":\"2016-08-24T13:48:45+00:00\",\"dateModified\":\"2021-08-05T07:57:52+00:00\",\"description\":\"Wir verw\u00f6hnen Sie mit qualitativ hochwertiger Ausstattung, famili\u00e4rer Atmosph\u00e4re und einem vielf\u00e4ltigen Aktivangebot.\",\"breadcrumb\":{\"@id\":\"https:\/\/eden-sulden.com\/it\/offerte\/#breadcrumb\"},\"inLanguage\":\"it-IT\",\"potentialAction\":[{\"@type\":\"ReadAction\",\"target\":[\"https:\/\/eden-sulden.com\/it\/offerte\/\"]}]},{\"@type\":\"BreadcrumbList\",\"@id\":\"https:\/\/eden-sulden.com\/it\/offerte\/#breadcrumb\",\"itemListElement\":[{\"@type\":\"ListItem\",\"position\":1,\"name\":\"Startseite\",\"item\":\"https:\/\/eden-sulden.com\/it\/\"},{\"@type\":\"ListItem\",\"position\":2,\"name\":\"Offerte\"}]},{\"@type\":\"WebSite\",\"@id\":\"https:\/\/eden-sulden.com\/#website\",\"url\":\"https:\/\/eden-sulden.com\/\",\"name\":\"Hotel Eden *** d. Fam. Gallia - Sulden am Ortler\",\"description\":\"Winter und Sommerparadies\",\"publisher\":{\"@id\":\"https:\/\/eden-sulden.com\/#organization\"},\"potentialAction\":[{\"@type\":\"SearchAction\",\"target\":{\"@type\":\"EntryPoint\",\"urlTemplate\":\"https:\/\/eden-sulden.com\/?s={search_term_string}\"},\"query-input\":\"required name=search_term_string\"}],\"inLanguage\":\"it-IT\"},{\"@type\":\"Organization\",\"@id\":\"https:\/\/eden-sulden.com\/#organization\",\"name\":\"Hotel Eden *** d. Fam. Gallia - Sulden\",\"url\":\"https:\/\/eden-sulden.com\/\",\"logo\":{\"@type\":\"ImageObject\",\"inLanguage\":\"it-IT\",\"@id\":\"https:\/\/eden-sulden.com\/#\/schema\/logo\/image\/\",\"url\":\"https:\/\/www.eden-sulden.com\/wp-content\/uploads\/2016\/10\/Logo_Hotel_Eden_4c.png\",\"contentUrl\":\"https:\/\/www.eden-sulden.com\/wp-content\/uploads\/2016\/10\/Logo_Hotel_Eden_4c.png\",\"width\":399,\"height\":419,\"caption\":\"Hotel Eden *** d. Fam. Gallia - Sulden\"},\"image\":{\"@id\":\"https:\/\/eden-sulden.com\/#\/schema\/logo\/image\/\"}}]}<\/script>\n<!-- \/ Yoast SEO plugin. -->","yoast_head_json":{"title":"Offerte - Hotel Eden *** d. Fam. Gallia - Sulden am Ortler","description":"Wir verw\u00f6hnen Sie mit qualitativ hochwertiger Ausstattung, famili\u00e4rer Atmosph\u00e4re und einem vielf\u00e4ltigen Aktivangebot.","robots":{"index":"index","follow":"follow","max-snippet":"max-snippet:-1","max-image-preview":"max-image-preview:large","max-video-preview":"max-video-preview:-1"},"canonical":"https:\/\/eden-sulden.com\/it\/offerte\/","og_locale":"it_IT","og_type":"article","og_title":"Offerte - Hotel Eden *** d. Fam. Gallia - Sulden am Ortler","og_description":"Wir verw\u00f6hnen Sie mit qualitativ hochwertiger Ausstattung, famili\u00e4rer Atmosph\u00e4re und einem vielf\u00e4ltigen Aktivangebot.","og_url":"https:\/\/eden-sulden.com\/it\/offerte\/","og_site_name":"Hotel Eden *** d. Fam. Gallia - Sulden am Ortler","article_modified_time":"2021-08-05T07:57:52+00:00","twitter_card":"summary_large_image","twitter_misc":{"Tempo di lettura stimato":"1 minuto"},"schema":{"@context":"https:\/\/schema.org","@graph":[{"@type":"WebPage","@id":"https:\/\/eden-sulden.com\/it\/offerte\/","url":"https:\/\/eden-sulden.com\/it\/offerte\/","name":"Offerte - Hotel Eden *** d. Fam. Gallia - Sulden am Ortler","isPartOf":{"@id":"https:\/\/eden-sulden.com\/#website"},"datePublished":"2016-08-24T13:48:45+00:00","dateModified":"2021-08-05T07:57:52+00:00","description":"Wir verw\u00f6hnen Sie mit qualitativ hochwertiger Ausstattung, famili\u00e4rer Atmosph\u00e4re und einem vielf\u00e4ltigen Aktivangebot.","breadcrumb":{"@id":"https:\/\/eden-sulden.com\/it\/offerte\/#breadcrumb"},"inLanguage":"it-IT","potentialAction":[{"@type":"ReadAction","target":["https:\/\/eden-sulden.com\/it\/offerte\/"]}]},{"@type":"BreadcrumbList","@id":"https:\/\/eden-sulden.com\/it\/offerte\/#breadcrumb","itemListElement":[{"@type":"ListItem","position":1,"name":"Startseite","item":"https:\/\/eden-sulden.com\/it\/"},{"@type":"ListItem","position":2,"name":"Offerte"}]},{"@type":"WebSite","@id":"https:\/\/eden-sulden.com\/#website","url":"https:\/\/eden-sulden.com\/","name":"Hotel Eden *** d. Fam. Gallia - Sulden am Ortler","description":"Winter und Sommerparadies","publisher":{"@id":"https:\/\/eden-sulden.com\/#organization"},"potentialAction":[{"@type":"SearchAction","target":{"@type":"EntryPoint","urlTemplate":"https:\/\/eden-sulden.com\/?s={search_term_string}"},"query-input":"required name=search_term_string"}],"inLanguage":"it-IT"},{"@type":"Organization","@id":"https:\/\/eden-sulden.com\/#organization","name":"Hotel Eden *** d. Fam. Gallia - Sulden","url":"https:\/\/eden-sulden.com\/","logo":{"@type":"ImageObject","inLanguage":"it-IT","@id":"https:\/\/eden-sulden.com\/#\/schema\/logo\/image\/","url":"https:\/\/www.eden-sulden.com\/wp-content\/uploads\/2016\/10\/Logo_Hotel_Eden_4c.png","contentUrl":"https:\/\/www.eden-sulden.com\/wp-content\/uploads\/2016\/10\/Logo_Hotel_Eden_4c.png","width":399,"height":419,"caption":"Hotel Eden *** d. Fam. Gallia - Sulden"},"image":{"@id":"https:\/\/eden-sulden.com\/#\/schema\/logo\/image\/"}}]}},"_links":{"self":[{"href":"https:\/\/eden-sulden.com\/it\/wp-json\/wp\/v2\/pages\/3386"}],"collection":[{"href":"https:\/\/eden-sulden.com\/it\/wp-json\/wp\/v2\/pages"}],"about":[{"href":"https:\/\/eden-sulden.com\/it\/wp-json\/wp\/v2\/types\/page"}],"author":[{"embeddable":true,"href":"https:\/\/eden-sulden.com\/it\/wp-json\/wp\/v2\/users\/2"}],"replies":[{"embeddable":true,"href":"https:\/\/eden-sulden.com\/it\/wp-json\/wp\/v2\/comments?post=3386"}],"version-history":[{"count":2,"href":"https:\/\/eden-sulden.com\/it\/wp-json\/wp\/v2\/pages\/3386\/revisions"}],"predecessor-version":[{"id":4252,"href":"https:\/\/eden-sulden.com\/it\/wp-json\/wp\/v2\/pages\/3386\/revisions\/4252"}],"wp:attachment":[{"href":"https:\/\/eden-sulden.com\/it\/wp-json\/wp\/v2\/media?parent=3386"}],"curies":[{"name":"wp","href":"https:\/\/api.w.org\/{rel}","templated":true}]}}